{"id":17,"date":"2022-04-04T09:30:04","date_gmt":"2022-04-04T09:30:04","guid":{"rendered":"https:\/\/web.hotel-garni-sonne.at\/?page_id=17"},"modified":"2022-12-10T15:16:23","modified_gmt":"2022-12-10T15:16:23","slug":"anreise","status":"publish","type":"page","link":"https:\/\/sonne-stubaital.at\/en\/anreise\/","title":{"rendered":"Arrival"},"content":{"rendered":"<div data-elementor-type=\"wp-page\" data-elementor-id=\"17\" class=\"elementor elementor-17\" data-elementor-post-type=\"page\">\n\t\t\t\t\t\t<section class=\"elementor-section elementor-top-section elementor-element elementor-element-16e13174 elementor-section-height-min-height elementor-section-content-middle elementor-reverse-mobile elementor-section-boxed elementor-section-height-default elementor-section-items-middle\" data-id=\"16e13174\" data-element_type=\"section\" data-settings=\"{&quot;background_background&quot;:&quot;classic&quot;}\">\n\t\t\t\t\t\t\t<div class=\"elementor-background-overlay\"><\/div>\n\t\t\t\t\t\t\t<div class=\"elementor-container elementor-column-gap-default\">\n\t\t\t\t\t<div class=\"elementor-column elementor-col-100 elementor-top-column elementor-element elementor-element-fa92fa2\" data-id=\"fa92fa2\" data-element_type=\"column\">\n\t\t\t<div class=\"elementor-widget-wrap\">\n\t\t\t\t\t\t\t<\/div>\n\t\t<\/div>\n\t\t\t\t\t<\/div>\n\t\t<\/section>\n\t\t\t\t<section class=\"elementor-section elementor-top-section elementor-element elementor-element-6c54ba67 elementor-section-height-min-height elementor-section-full_width elementor-section-items-stretch elementor-section-content-bottom elementor-section-height-default\" data-id=\"6c54ba67\" data-element_type=\"section\">\n\t\t\t\t\t\t<div class=\"elementor-container elementor-column-gap-no\">\n\t\t\t\t\t<div class=\"elementor-column elementor-col-100 elementor-top-column elementor-element elementor-element-5f178f65\" data-id=\"5f178f65\" data-element_type=\"column\">\n\t\t\t<div class=\"elementor-widget-wrap elementor-element-populated\">\n\t\t\t\t\t\t<section class=\"elementor-section elementor-inner-section elementor-element elementor-element-3b5ed908 elementor-section-boxed elementor-section-height-default elementor-section-height-default\" data-id=\"3b5ed908\" data-element_type=\"section\">\n\t\t\t\t\t\t<div class=\"elementor-container elementor-column-gap-default\">\n\t\t\t\t\t<div class=\"elementor-column elementor-col-100 elementor-inner-column elementor-element elementor-element-571e9cff\" data-id=\"571e9cff\" data-element_type=\"column\">\n\t\t\t<div class=\"elementor-widget-wrap elementor-element-populated\">\n\t\t\t\t\t\t<div class=\"elementor-element elementor-element-5d1f91cc elementor-widget-mobile__width-initial elementor-view-default elementor-widget elementor-widget-icon\" data-id=\"5d1f91cc\" data-element_type=\"widget\" data-widget_type=\"icon.default\">\n\t\t\t\t<div class=\"elementor-widget-container\">\n\t\t\t\t\t\t\t<div class=\"elementor-icon-wrapper\">\n\t\t\t<div class=\"elementor-icon\">\n\t\t\t<i aria-hidden=\"true\" class=\"fas fa-map-marker-alt\"><\/i>\t\t\t<\/div>\n\t\t<\/div>\n\t\t\t\t\t\t<\/div>\n\t\t\t\t<\/div>\n\t\t\t\t\t<\/div>\n\t\t<\/div>\n\t\t\t\t\t<\/div>\n\t\t<\/section>\n\t\t\t\t<div class=\"elementor-element elementor-element-8297168 elementor-widget elementor-widget-heading\" data-id=\"8297168\" data-element_type=\"widget\" data-widget_type=\"heading.default\">\n\t\t\t\t<div class=\"elementor-widget-container\">\n\t\t\t\t\t<h2 class=\"elementor-heading-title elementor-size-default\">Always following the sun<\/h2>\t\t\t\t<\/div>\n\t\t\t\t<\/div>\n\t\t\t\t<div class=\"elementor-element elementor-element-c429533 elementor-widget elementor-widget-text-editor\" data-id=\"c429533\" data-element_type=\"widget\" data-widget_type=\"text-editor.default\">\n\t\t\t\t<div class=\"elementor-widget-container\">\n\t\t\t\t\t\t\t\t\t<p>You can reach us via the A13 motorway if you exit at Sch\u00f6nberg in the Stubaital. Follow the B 183 federal road via Mieders, Telfes, Fulpmes to Neustift-Milders in the Stubaital.<\/p>\t\t\t\t\t\t\t\t<\/div>\n\t\t\t\t<\/div>\n\t\t\t\t<div class=\"elementor-element elementor-element-543e6014 elementor-widget elementor-widget-google_maps\" data-id=\"543e6014\" data-element_type=\"widget\" data-widget_type=\"google_maps.default\">\n\t\t\t\t<div class=\"elementor-widget-container\">\n\t\t\t\t\t\t\t<div class=\"elementor-custom-embed\">\n\t\t\t<iframe loading=\"lazy\"\n\t\t\t\t\tsrc=\"https:\/\/maps.google.com\/maps?q=Franz-Senn-Stra%C3%9Fe%20164%2C%206167%20Neustift&#038;t=m&#038;z=10&#038;output=embed&#038;iwloc=near\"\n\t\t\t\t\ttitle=\"Franz-Senn-Stra\u00dfe 164, 6167 Neustift\"\n\t\t\t\t\taria-label=\"Franz-Senn-Stra\u00dfe 164, 6167 Neustift\"\n\t\t\t><\/iframe>\n\t\t<\/div>\n\t\t\t\t\t\t<\/div>\n\t\t\t\t<\/div>\n\t\t\t\t\t<\/div>\n\t\t<\/div>\n\t\t\t\t\t<\/div>\n\t\t<\/section>\n\t\t\t\t<section class=\"elementor-section elementor-top-section elementor-element elementor-element-df5672f elementor-section-content-top elementor-section-boxed elementor-section-height-default elementor-section-height-default\" data-id=\"df5672f\" data-element_type=\"section\" data-settings=\"{&quot;background_background&quot;:&quot;classic&quot;}\">\n\t\t\t\t\t\t<div class=\"elementor-container elementor-column-gap-default\">\n\t\t\t\t\t<div class=\"elementor-column elementor-col-25 elementor-top-column elementor-element elementor-element-3368a8db\" data-id=\"3368a8db\" data-element_type=\"column\">\n\t\t\t<div class=\"elementor-widget-wrap elementor-element-populated\">\n\t\t\t\t\t\t<div class=\"elementor-element elementor-element-166a2890 elementor-widget elementor-widget-image\" data-id=\"166a2890\" data-element_type=\"widget\" data-widget_type=\"image.default\">\n\t\t\t\t<div class=\"elementor-widget-container\">\n\t\t\t\t\t\t\t\t\t\t\t\t\t\t\t\t<a href=\"https:\/\/web.hotel-garni-sonne.at\/\">\n\t\t\t\t\t\t\t<img fetchpriority=\"high\" decoding=\"async\" width=\"500\" height=\"500\" src=\"https:\/\/sonne-stubaital.at\/wp-content\/uploads\/2022\/08\/Design-ohne-Titel-2.png\" class=\"attachment-large size-large wp-image-800\" alt=\"\" srcset=\"https:\/\/sonne-stubaital.at\/wp-content\/uploads\/2022\/08\/Design-ohne-Titel-2.png 500w, https:\/\/sonne-stubaital.at\/wp-content\/uploads\/2022\/08\/Design-ohne-Titel-2-300x300.png 300w, https:\/\/sonne-stubaital.at\/wp-content\/uploads\/2022\/08\/Design-ohne-Titel-2-150x150.png 150w\" sizes=\"(max-width: 500px) 100vw, 500px\" \/>\t\t\t\t\t\t\t\t<\/a>\n\t\t\t\t\t\t\t\t\t\t\t\t\t\t\t<\/div>\n\t\t\t\t<\/div>\n\t\t\t\t\t<\/div>\n\t\t<\/div>\n\t\t\t\t<div class=\"elementor-column elementor-col-25 elementor-top-column elementor-element elementor-element-5a050318\" data-id=\"5a050318\" data-element_type=\"column\">\n\t\t\t<div class=\"elementor-widget-wrap elementor-element-populated\">\n\t\t\t\t\t\t<div class=\"elementor-element elementor-element-1fe40257 elementor-widget elementor-widget-heading\" data-id=\"1fe40257\" data-element_type=\"widget\" data-widget_type=\"heading.default\">\n\t\t\t\t<div class=\"elementor-widget-container\">\n\t\t\t\t\t<h2 class=\"elementor-heading-title elementor-size-default\">QUICK LINKS<\/h2>\t\t\t\t<\/div>\n\t\t\t\t<\/div>\n\t\t\t\t<div class=\"elementor-element elementor-element-6cdc0339 elementor-icon-list--layout-inline elementor-mobile-align-center elementor-tablet-align-left elementor-list-item-link-full_width elementor-widget elementor-widget-icon-list\" data-id=\"6cdc0339\" data-element_type=\"widget\" data-widget_type=\"icon-list.default\">\n\t\t\t\t<div class=\"elementor-widget-container\">\n\t\t\t\t\t\t\t<ul class=\"elementor-icon-list-items elementor-inline-items\">\n\t\t\t\t\t\t\t<li class=\"elementor-icon-list-item elementor-inline-item\">\n\t\t\t\t\t\t\t\t\t\t\t<a href=\"https:\/\/web.hotel-garni-sonne.at\/\">\n\n\t\t\t\t\t\t\t\t\t\t\t<span class=\"elementor-icon-list-text\">Home<\/span>\n\t\t\t\t\t\t\t\t\t\t\t<\/a>\n\t\t\t\t\t\t\t\t\t<\/li>\n\t\t\t\t\t\t\t\t<li class=\"elementor-icon-list-item elementor-inline-item\">\n\t\t\t\t\t\t\t\t\t\t\t<a href=\"https:\/\/web.hotel-garni-sonne.at\/alle-tipps\/\">\n\n\t\t\t\t\t\t\t\t\t\t\t<span class=\"elementor-icon-list-text\">Worth knowing<\/span>\n\t\t\t\t\t\t\t\t\t\t\t<\/a>\n\t\t\t\t\t\t\t\t\t<\/li>\n\t\t\t\t\t\t\t\t<li class=\"elementor-icon-list-item elementor-inline-item\">\n\t\t\t\t\t\t\t\t\t\t\t<a href=\"https:\/\/web.hotel-garni-sonne.at\/impressum\/\">\n\n\t\t\t\t\t\t\t\t\t\t\t<span class=\"elementor-icon-list-text\">Imprint<\/span>\n\t\t\t\t\t\t\t\t\t\t\t<\/a>\n\t\t\t\t\t\t\t\t\t<\/li>\n\t\t\t\t\t\t\t\t<li class=\"elementor-icon-list-item elementor-inline-item\">\n\t\t\t\t\t\t\t\t\t\t\t<a href=\"https:\/\/web.hotel-garni-sonne.at\/datenschutzerklaerung\/\">\n\n\t\t\t\t\t\t\t\t\t\t\t<span class=\"elementor-icon-list-text\">Privacy policy<\/span>\n\t\t\t\t\t\t\t\t\t\t\t<\/a>\n\t\t\t\t\t\t\t\t\t<\/li>\n\t\t\t\t\t\t<\/ul>\n\t\t\t\t\t\t<\/div>\n\t\t\t\t<\/div>\n\t\t\t\t\t<\/div>\n\t\t<\/div>\n\t\t\t\t<div class=\"elementor-column elementor-col-25 elementor-top-column elementor-element elementor-element-cebc350\" data-id=\"cebc350\" data-element_type=\"column\">\n\t\t\t<div class=\"elementor-widget-wrap elementor-element-populated\">\n\t\t\t\t\t\t<div class=\"elementor-element elementor-element-6983b45c elementor-widget elementor-widget-heading\" data-id=\"6983b45c\" data-element_type=\"widget\" data-widget_type=\"heading.default\">\n\t\t\t\t<div class=\"elementor-widget-container\">\n\t\t\t\t\t<h2 class=\"elementor-heading-title elementor-size-default\">CONTACT<\/h2>\t\t\t\t<\/div>\n\t\t\t\t<\/div>\n\t\t\t\t<div class=\"elementor-element elementor-element-4720f220 elementor-widget elementor-widget-text-editor\" data-id=\"4720f220\" data-element_type=\"widget\" data-widget_type=\"text-editor.default\">\n\t\t\t\t<div class=\"elementor-widget-container\">\n\t\t\t\t\t\t\t\t\t<p>Franz-Senn-Stra\u00dfe 164,<br \/>6167 Neustift-Milders<\/p><p><i class=\"fas fa-phone\"><\/i>\u00a0+43 (0) 52 26\/24 33<br \/><i class=\"fas fa-envelope\"><\/i>\u00a0office@sonne-stubaital.at<\/p>\t\t\t\t\t\t\t\t<\/div>\n\t\t\t\t<\/div>\n\t\t\t\t\t<\/div>\n\t\t<\/div>\n\t\t\t\t<div class=\"elementor-column elementor-col-25 elementor-top-column elementor-element elementor-element-49be1f34\" data-id=\"49be1f34\" data-element_type=\"column\">\n\t\t\t<div class=\"elementor-widget-wrap elementor-element-populated\">\n\t\t\t\t\t\t<div class=\"elementor-element elementor-element-6b6bed30 elementor-widget elementor-widget-heading\" data-id=\"6b6bed30\" data-element_type=\"widget\" data-widget_type=\"heading.default\">\n\t\t\t\t<div class=\"elementor-widget-container\">\n\t\t\t\t\t<h2 class=\"elementor-heading-title elementor-size-default\">STAY CONNECTED<\/h2>\t\t\t\t<\/div>\n\t\t\t\t<\/div>\n\t\t\t\t<div class=\"elementor-element elementor-element-184c7c29 e-grid-align-mobile-center elementor-shape-rounded elementor-grid-0 elementor-widget elementor-widget-social-icons\" data-id=\"184c7c29\" data-element_type=\"widget\" data-widget_type=\"social-icons.default\">\n\t\t\t\t<div class=\"elementor-widget-container\">\n\t\t\t\t\t\t\t<div class=\"elementor-social-icons-wrapper elementor-grid\" role=\"list\">\n\t\t\t\t\t\t\t<span class=\"elementor-grid-item\" role=\"listitem\">\n\t\t\t\t\t<a class=\"elementor-icon elementor-social-icon elementor-social-icon-facebook-f elementor-animation-float elementor-repeater-item-b0a5f71\" href=\"https:\/\/www.facebook.com\/Appartements-zur-Sonne-317802671695707\/\" target=\"_blank\">\n\t\t\t\t\t\t<span class=\"elementor-screen-only\">Facebook-f<\/span>\n\t\t\t\t\t\t<i aria-hidden=\"true\" class=\"fab fa-facebook-f\"><\/i>\t\t\t\t\t<\/a>\n\t\t\t\t<\/span>\n\t\t\t\t\t\t\t<span class=\"elementor-grid-item\" role=\"listitem\">\n\t\t\t\t\t<a class=\"elementor-icon elementor-social-icon elementor-social-icon-instagram elementor-animation-float elementor-repeater-item-b39c128\" href=\"https:\/\/www.instagram.com\/appartements_zur_sonne\/\" target=\"_blank\">\n\t\t\t\t\t\t<span class=\"elementor-screen-only\">Instagram<\/span>\n\t\t\t\t\t\t<i aria-hidden=\"true\" class=\"fab fa-instagram\"><\/i>\t\t\t\t\t<\/a>\n\t\t\t\t<\/span>\n\t\t\t\t\t<\/div>\n\t\t\t\t\t\t<\/div>\n\t\t\t\t<\/div>\n\t\t\t\t\t<\/div>\n\t\t<\/div>\n\t\t\t\t\t<\/div>\n\t\t<\/section>\n\t\t\t\t<\/div>","protected":false},"excerpt":{"rendered":"<p>Immer der Sonne nach Sie erreichen uns \u00fcber die Autobahn A13, wenn Sie bei Sch\u00f6nberg im Stubaital abfahren. Auf der Bundesstra\u00dfe B 183 entlang \u00fcber Mieders, Telfes, Fulpmes bis Neustift-Milders im Stubaital. QUICK LINKS Home Wissenswertes Impressum Datenschutzerkl\u00e4rung KONTAKT Franz-Senn-Stra\u00dfe 164,6167 Neustift-Milders \u00a0+43 (0) 52 26\/24 33\u00a0office@sonne-stubaital.at STAY CONNECTED Facebook-f Instagram<\/p>","protected":false},"author":1,"featured_media":0,"parent":0,"menu_order":0,"comment_status":"closed","ping_status":"closed","template":"","meta":{"ocean_post_layout":"full-screen","ocean_both_sidebars_style":"","ocean_both_sidebars_content_width":0,"ocean_both_sidebars_sidebars_width":0,"ocean_sidebar":"0","ocean_second_sidebar":"0","ocean_disable_margins":"enable","ocean_add_body_class":"","ocean_shortcode_before_top_bar":"","ocean_shortcode_after_top_bar":"","ocean_shortcode_before_header":"","ocean_shortcode_after_header":"","ocean_has_shortcode":"","ocean_shortcode_after_title":"","ocean_shortcode_before_footer_widgets":"","ocean_shortcode_after_footer_widgets":"","ocean_shortcode_before_footer_bottom":"","ocean_shortcode_after_footer_bottom":"","ocean_display_top_bar":"off","ocean_display_header":"default","ocean_header_style":"","ocean_center_header_left_menu":"0","ocean_custom_header_template":"0","ocean_custom_logo":0,"ocean_custom_retina_logo":0,"ocean_custom_logo_max_width":0,"ocean_custom_logo_tablet_max_width":0,"ocean_custom_logo_mobile_max_width":0,"ocean_custom_logo_max_height":0,"ocean_custom_logo_tablet_max_height":0,"ocean_custom_logo_mobile_max_height":0,"ocean_header_custom_menu":"0","ocean_menu_typo_font_family":"0","ocean_menu_typo_font_subset":"","ocean_menu_typo_font_size":0,"ocean_menu_typo_font_size_tablet":0,"ocean_menu_typo_font_size_mobile":0,"ocean_menu_typo_font_size_unit":"px","ocean_menu_typo_font_weight":"","ocean_menu_typo_font_weight_tablet":"","ocean_menu_typo_font_weight_mobile":"","ocean_menu_typo_transform":"","ocean_menu_typo_transform_tablet":"","ocean_menu_typo_transform_mobile":"","ocean_menu_typo_line_height":0,"ocean_menu_typo_line_height_tablet":0,"ocean_menu_typo_line_height_mobile":0,"ocean_menu_typo_line_height_unit":"","ocean_menu_typo_spacing":0,"ocean_menu_typo_spacing_tablet":0,"ocean_menu_typo_spacing_mobile":0,"ocean_menu_typo_spacing_unit":"","ocean_menu_link_color":"","ocean_menu_link_color_hover":"","ocean_menu_link_color_active":"","ocean_menu_link_background":"","ocean_menu_link_hover_background":"","ocean_menu_link_active_background":"","ocean_menu_social_links_bg":"","ocean_menu_social_hover_links_bg":"","ocean_menu_social_links_color":"","ocean_menu_social_hover_links_color":"","ocean_disable_title":"on","ocean_disable_heading":"default","ocean_post_title":"","ocean_post_subheading":"","ocean_post_title_style":"","ocean_post_title_background_color":"","ocean_post_title_background":0,"ocean_post_title_bg_image_position":"","ocean_post_title_bg_image_attachment":"","ocean_post_title_bg_image_repeat":"","ocean_post_title_bg_image_size":"","ocean_post_title_height":0,"ocean_post_title_bg_overlay":0.5,"ocean_post_title_bg_overlay_color":"","ocean_disable_breadcrumbs":"default","ocean_breadcrumbs_color":"","ocean_breadcrumbs_separator_color":"","ocean_breadcrumbs_links_color":"","ocean_breadcrumbs_links_hover_color":"","ocean_display_footer_widgets":"off","ocean_display_footer_bottom":"off","ocean_custom_footer_template":"0","footnotes":""},"class_list":["post-17","page","type-page","status-publish","hentry","entry"],"yoast_head":"<!-- This site is optimized with the Yoast SEO plugin v26.0 - https:\/\/yoast.com\/wordpress\/plugins\/seo\/ -->\n<title>Anreise - Appartements zur Sonne<\/title>\n<meta name=\"robots\" content=\"index, follow, max-snippet:-1, max-image-preview:large, max-video-preview:-1\" \/>\n<link rel=\"canonical\" href=\"https:\/\/sonne-stubaital.at\/en\/anreise\/\" \/>\n<meta property=\"og:locale\" content=\"en_US\" \/>\n<meta property=\"og:type\" content=\"article\" \/>\n<meta property=\"og:title\" content=\"Anreise - Appartements zur Sonne\" \/>\n<meta property=\"og:description\" content=\"Immer der Sonne nach Sie erreichen uns \u00fcber die Autobahn A13, wenn Sie bei Sch\u00f6nberg im Stubaital abfahren. Auf der Bundesstra\u00dfe B 183 entlang \u00fcber Mieders, Telfes, Fulpmes bis Neustift-Milders im Stubaital. QUICK LINKS Home Wissenswertes Impressum Datenschutzerkl\u00e4rung KONTAKT Franz-Senn-Stra\u00dfe 164,6167 Neustift-Milders \u00a0+43 (0) 52 26\/24 33\u00a0office@sonne-stubaital.at STAY CONNECTED Facebook-f Instagram\" \/>\n<meta property=\"og:url\" content=\"https:\/\/sonne-stubaital.at\/en\/anreise\/\" \/>\n<meta property=\"og:site_name\" content=\"Appartements zur Sonne\" \/>\n<meta property=\"article:modified_time\" content=\"2022-12-10T15:16:23+00:00\" \/>\n<meta property=\"og:image\" content=\"https:\/\/sonne-stubaital.at\/wp-content\/uploads\/2022\/08\/Design-ohne-Titel-2.png\" \/>\n\t<meta property=\"og:image:width\" content=\"500\" \/>\n\t<meta property=\"og:image:height\" content=\"500\" \/>\n\t<meta property=\"og:image:type\" content=\"image\/png\" \/>\n<meta name=\"twitter:card\" content=\"summary_large_image\" \/>\n<script type=\"application\/ld+json\" class=\"yoast-schema-graph\">{\"@context\":\"https:\/\/schema.org\",\"@graph\":[{\"@type\":\"WebPage\",\"@id\":\"https:\/\/sonne-stubaital.at\/anreise\/\",\"url\":\"https:\/\/sonne-stubaital.at\/anreise\/\",\"name\":\"Anreise - Appartements zur Sonne\",\"isPartOf\":{\"@id\":\"https:\/\/sonne-stubaital.at\/en\/#website\"},\"primaryImageOfPage\":{\"@id\":\"https:\/\/sonne-stubaital.at\/anreise\/#primaryimage\"},\"image\":{\"@id\":\"https:\/\/sonne-stubaital.at\/anreise\/#primaryimage\"},\"thumbnailUrl\":\"https:\/\/sonne-stubaital.at\/wp-content\/uploads\/2022\/08\/Design-ohne-Titel-2.png\",\"datePublished\":\"2022-04-04T09:30:04+00:00\",\"dateModified\":\"2022-12-10T15:16:23+00:00\",\"breadcrumb\":{\"@id\":\"https:\/\/sonne-stubaital.at\/anreise\/#breadcrumb\"},\"inLanguage\":\"en-US\",\"potentialAction\":[{\"@type\":\"ReadAction\",\"target\":[\"https:\/\/sonne-stubaital.at\/anreise\/\"]}]},{\"@type\":\"ImageObject\",\"inLanguage\":\"en-US\",\"@id\":\"https:\/\/sonne-stubaital.at\/anreise\/#primaryimage\",\"url\":\"https:\/\/sonne-stubaital.at\/wp-content\/uploads\/2022\/08\/Design-ohne-Titel-2.png\",\"contentUrl\":\"https:\/\/sonne-stubaital.at\/wp-content\/uploads\/2022\/08\/Design-ohne-Titel-2.png\"},{\"@type\":\"BreadcrumbList\",\"@id\":\"https:\/\/sonne-stubaital.at\/anreise\/#breadcrumb\",\"itemListElement\":[{\"@type\":\"ListItem\",\"position\":1,\"name\":\"Startseite\",\"item\":\"https:\/\/sonne-stubaital.at\/en\/\"},{\"@type\":\"ListItem\",\"position\":2,\"name\":\"Anreise\"}]},{\"@type\":\"WebSite\",\"@id\":\"https:\/\/sonne-stubaital.at\/en\/#website\",\"url\":\"https:\/\/sonne-stubaital.at\/en\/\",\"name\":\"Appartements zur Sonne\",\"description\":\"Erholung pur. Zu jeder Jahreszeit!\",\"publisher\":{\"@id\":\"https:\/\/sonne-stubaital.at\/en\/#organization\"},\"potentialAction\":[{\"@type\":\"SearchAction\",\"target\":{\"@type\":\"EntryPoint\",\"urlTemplate\":\"https:\/\/sonne-stubaital.at\/en\/?s={search_term_string}\"},\"query-input\":{\"@type\":\"PropertyValueSpecification\",\"valueRequired\":true,\"valueName\":\"search_term_string\"}}],\"inLanguage\":\"en-US\"},{\"@type\":\"Organization\",\"@id\":\"https:\/\/sonne-stubaital.at\/en\/#organization\",\"name\":\"Appartements zur Sonne\",\"url\":\"https:\/\/sonne-stubaital.at\/en\/\",\"logo\":{\"@type\":\"ImageObject\",\"inLanguage\":\"en-US\",\"@id\":\"https:\/\/sonne-stubaital.at\/en\/#\/schema\/logo\/image\/\",\"url\":\"https:\/\/sonne-stubaital.at\/wp-content\/uploads\/2022\/07\/cropped-Logoentwurf-Appartements-zur-Sonne-2-2.png\",\"contentUrl\":\"https:\/\/sonne-stubaital.at\/wp-content\/uploads\/2022\/07\/cropped-Logoentwurf-Appartements-zur-Sonne-2-2.png\",\"width\":267,\"height\":138,\"caption\":\"Appartements zur Sonne\"},\"image\":{\"@id\":\"https:\/\/sonne-stubaital.at\/en\/#\/schema\/logo\/image\/\"}}]}<\/script>\n<!-- \/ Yoast SEO plugin. -->","yoast_head_json":{"title":"Anreise - Appartements zur Sonne","robots":{"index":"index","follow":"follow","max-snippet":"max-snippet:-1","max-image-preview":"max-image-preview:large","max-video-preview":"max-video-preview:-1"},"canonical":"https:\/\/sonne-stubaital.at\/en\/anreise\/","og_locale":"en_US","og_type":"article","og_title":"Anreise - Appartements zur Sonne","og_description":"Immer der Sonne nach Sie erreichen uns \u00fcber die Autobahn A13, wenn Sie bei Sch\u00f6nberg im Stubaital abfahren. Auf der Bundesstra\u00dfe B 183 entlang \u00fcber Mieders, Telfes, Fulpmes bis Neustift-Milders im Stubaital. QUICK LINKS Home Wissenswertes Impressum Datenschutzerkl\u00e4rung KONTAKT Franz-Senn-Stra\u00dfe 164,6167 Neustift-Milders \u00a0+43 (0) 52 26\/24 33\u00a0office@sonne-stubaital.at STAY CONNECTED Facebook-f Instagram","og_url":"https:\/\/sonne-stubaital.at\/en\/anreise\/","og_site_name":"Appartements zur Sonne","article_modified_time":"2022-12-10T15:16:23+00:00","og_image":[{"width":500,"height":500,"url":"https:\/\/sonne-stubaital.at\/wp-content\/uploads\/2022\/08\/Design-ohne-Titel-2.png","type":"image\/png"}],"twitter_card":"summary_large_image","schema":{"@context":"https:\/\/schema.org","@graph":[{"@type":"WebPage","@id":"https:\/\/sonne-stubaital.at\/anreise\/","url":"https:\/\/sonne-stubaital.at\/anreise\/","name":"Anreise - Appartements zur Sonne","isPartOf":{"@id":"https:\/\/sonne-stubaital.at\/en\/#website"},"primaryImageOfPage":{"@id":"https:\/\/sonne-stubaital.at\/anreise\/#primaryimage"},"image":{"@id":"https:\/\/sonne-stubaital.at\/anreise\/#primaryimage"},"thumbnailUrl":"https:\/\/sonne-stubaital.at\/wp-content\/uploads\/2022\/08\/Design-ohne-Titel-2.png","datePublished":"2022-04-04T09:30:04+00:00","dateModified":"2022-12-10T15:16:23+00:00","breadcrumb":{"@id":"https:\/\/sonne-stubaital.at\/anreise\/#breadcrumb"},"inLanguage":"en-US","potentialAction":[{"@type":"ReadAction","target":["https:\/\/sonne-stubaital.at\/anreise\/"]}]},{"@type":"ImageObject","inLanguage":"en-US","@id":"https:\/\/sonne-stubaital.at\/anreise\/#primaryimage","url":"https:\/\/sonne-stubaital.at\/wp-content\/uploads\/2022\/08\/Design-ohne-Titel-2.png","contentUrl":"https:\/\/sonne-stubaital.at\/wp-content\/uploads\/2022\/08\/Design-ohne-Titel-2.png"},{"@type":"BreadcrumbList","@id":"https:\/\/sonne-stubaital.at\/anreise\/#breadcrumb","itemListElement":[{"@type":"ListItem","position":1,"name":"Startseite","item":"https:\/\/sonne-stubaital.at\/en\/"},{"@type":"ListItem","position":2,"name":"Anreise"}]},{"@type":"WebSite","@id":"https:\/\/sonne-stubaital.at\/en\/#website","url":"https:\/\/sonne-stubaital.at\/en\/","name":"Appartements zur Sonne","description":"Erholung pur. Zu jeder Jahreszeit!","publisher":{"@id":"https:\/\/sonne-stubaital.at\/en\/#organization"},"potentialAction":[{"@type":"SearchAction","target":{"@type":"EntryPoint","urlTemplate":"https:\/\/sonne-stubaital.at\/en\/?s={search_term_string}"},"query-input":{"@type":"PropertyValueSpecification","valueRequired":true,"valueName":"search_term_string"}}],"inLanguage":"en-US"},{"@type":"Organization","@id":"https:\/\/sonne-stubaital.at\/en\/#organization","name":"Appartements zur Sonne","url":"https:\/\/sonne-stubaital.at\/en\/","logo":{"@type":"ImageObject","inLanguage":"en-US","@id":"https:\/\/sonne-stubaital.at\/en\/#\/schema\/logo\/image\/","url":"https:\/\/sonne-stubaital.at\/wp-content\/uploads\/2022\/07\/cropped-Logoentwurf-Appartements-zur-Sonne-2-2.png","contentUrl":"https:\/\/sonne-stubaital.at\/wp-content\/uploads\/2022\/07\/cropped-Logoentwurf-Appartements-zur-Sonne-2-2.png","width":267,"height":138,"caption":"Appartements zur Sonne"},"image":{"@id":"https:\/\/sonne-stubaital.at\/en\/#\/schema\/logo\/image\/"}}]}},"_links":{"self":[{"href":"https:\/\/sonne-stubaital.at\/en\/wp-json\/wp\/v2\/pages\/17","targetHints":{"allow":["GET"]}}],"collection":[{"href":"https:\/\/sonne-stubaital.at\/en\/wp-json\/wp\/v2\/pages"}],"about":[{"href":"https:\/\/sonne-stubaital.at\/en\/wp-json\/wp\/v2\/types\/page"}],"author":[{"embeddable":true,"href":"https:\/\/sonne-stubaital.at\/en\/wp-json\/wp\/v2\/users\/1"}],"replies":[{"embeddable":true,"href":"https:\/\/sonne-stubaital.at\/en\/wp-json\/wp\/v2\/comments?post=17"}],"version-history":[{"count":37,"href":"https:\/\/sonne-stubaital.at\/en\/wp-json\/wp\/v2\/pages\/17\/revisions"}],"predecessor-version":[{"id":1832,"href":"https:\/\/sonne-stubaital.at\/en\/wp-json\/wp\/v2\/pages\/17\/revisions\/1832"}],"wp:attachment":[{"href":"https:\/\/sonne-stubaital.at\/en\/wp-json\/wp\/v2\/media?parent=17"}],"curies":[{"name":"wp","href":"https:\/\/api.w.org\/{rel}","templated":true}]}}